{"id":317,"date":"2017-06-10T02:13:18","date_gmt":"2017-06-10T02:13:18","guid":{"rendered":"http:\/\/laura.starpixel.com.br\/?page_id=317\/"},"modified":"2024-05-08T15:40:31","modified_gmt":"2024-05-08T18:40:31","slug":"noticias","status":"publish","type":"page","link":"https:\/\/laurarizzotto.com\/pt-br\/noticias\/","title":{"rendered":"Not\u00edcias"},"content":{"rendered":"[vc_row type=&#8221;in_container&#8221; full_screen_row_position=&#8221;middle&#8221; column_margin=&#8221;default&#8221; column_direction=&#8221;default&#8221; column_direction_tablet=&#8221;default&#8221; column_direction_phone=&#8221;default&#8221; scene_position=&#8221;center&#8221; top_padding=&#8221;6%&#8221; bottom_padding=&#8221;6%&#8221; text_color=&#8221;dark&#8221; text_align=&#8221;left&#8221; row_border_radius=&#8221;none&#8221; row_border_radius_applies=&#8221;bg&#8221; overflow=&#8221;visible&#8221; overlay_strength=&#8221;0.3&#8243; gradient_direction=&#8221;left_to_right&#8221; shape_divider_position=&#8221;bottom&#8221; bg_image_animation=&#8221;none&#8221; gradient_type=&#8221;default&#8221; shape_type=&#8221;&#8221;][vc_column column_padding=&#8221;no-extra-padding&#8221; column_padding_tablet=&#8221;inherit&#8221; column_padding_phone=&#8221;inherit&#8221; column_padding_position=&#8221;all&#8221; column_element_direction_desktop=&#8221;default&#8221; column_element_spacing=&#8221;default&#8221; desktop_text_alignment=&#8221;default&#8221; tablet_text_alignment=&#8221;default&#8221; phone_text_alignment=&#8221;default&#8221; background_color_opacity=&#8221;1&#8243; background_hover_color_opacity=&#8221;1&#8243; column_backdrop_filter=&#8221;none&#8221; column_shadow=&#8221;none&#8221; column_border_radius=&#8221;none&#8221; column_link_target=&#8221;_self&#8221; column_position=&#8221;default&#8221; gradient_direction=&#8221;left_to_right&#8221; overlay_strength=&#8221;0.3&#8243; width=&#8221;1\/1&#8243; tablet_width_inherit=&#8221;default&#8221; animation_type=&#8221;default&#8221; bg_image_animation=&#8221;none&#8221; border_type=&#8221;simple&#8221; column_border_width=&#8221;none&#8221; column_border_style=&#8221;solid&#8221;][split_line_heading animation_type=&#8221;line-reveal-by-space&#8221; font_style=&#8221;h1&#8243; line_reveal_by_space_text_effect=&#8221;default&#8221; content_alignment=&#8221;center&#8221; mobile_content_alignment=&#8221;inherit&#8221; link_target=&#8221;_self&#8221; text_content=&#8221;NOT\u00cdCIAS&#8221; text_direction=&#8221;default&#8221;][\/split_line_heading][\/vc_column][\/vc_row][vc_row type=&#8221;in_container&#8221; full_screen_row_position=&#8221;middle&#8221; column_margin=&#8221;default&#8221; column_direction=&#8221;default&#8221; column_direction_tablet=&#8221;default&#8221; column_direction_phone=&#8221;default&#8221; scene_position=&#8221;center&#8221; text_color=&#8221;dark&#8221; text_align=&#8221;left&#8221; row_border_radius=&#8221;none&#8221; row_border_radius_applies=&#8221;bg&#8221; overflow=&#8221;visible&#8221; overlay_strength=&#8221;0.3&#8243; gradient_direction=&#8221;left_to_right&#8221; shape_divider_position=&#8221;bottom&#8221; bg_image_animation=&#8221;none&#8221;][vc_column column_padding=&#8221;no-extra-padding&#8221; column_padding_tablet=&#8221;inherit&#8221; column_padding_phone=&#8221;inherit&#8221; column_padding_position=&#8221;all&#8221; column_element_direction_desktop=&#8221;default&#8221; column_element_spacing=&#8221;default&#8221; desktop_text_alignment=&#8221;default&#8221; tablet_text_alignment=&#8221;default&#8221; phone_text_alignment=&#8221;default&#8221; background_color_opacity=&#8221;1&#8243; background_hover_color_opacity=&#8221;1&#8243; column_backdrop_filter=&#8221;none&#8221; column_shadow=&#8221;none&#8221; column_border_radius=&#8221;none&#8221; column_link_target=&#8221;_self&#8221; column_position=&#8221;default&#8221; gradient_direction=&#8221;left_to_right&#8221; overlay_strength=&#8221;0.3&#8243; width=&#8221;1\/1&#8243; tablet_width_inherit=&#8221;default&#8221; animation_type=&#8221;default&#8221; bg_image_animation=&#8221;none&#8221; border_type=&#8221;simple&#8221; column_border_width=&#8221;none&#8221; column_border_style=&#8221;solid&#8221;][nectar_post_grid post_type=&#8221;post&#8221; blog_category=&#8221;news&#8221; order=&#8221;DESC&#8221; orderby=&#8221;date&#8221; pagination=&#8221;none&#8221; columns=&#8221;4&#8243; columns_tablet=&#8221;default&#8221; columns_phone=&#8221;default&#8221; grid_item_spacing=&#8221;15px&#8221; grid_item_height=&#8221;30vh&#8221; enable_masonry=&#8221;yes&#8221; 4_col_masonry_layout=&#8221;vert_staggered_middle&#8221; image_size=&#8221;large&#8221; image_loading=&#8221;default&#8221; animation=&#8221;zoom-out-reveal&#8221; animation_stagger=&#8221;200&#8243; animation_easing=&#8221;easeInQuad&#8221; parallax_scrolling=&#8221;yes&#8221; heading_tag=&#8221;default&#8221; display_categories=&#8221;yes&#8221; category_functionality=&#8221;static&#8221; category_position=&#8221;default&#8221; category_style=&#8221;underline&#8221; category_display=&#8221;default&#8221; display_excerpt=&#8221;yes&#8221; excerpt_display=&#8221;default&#8221; additional_meta_size=&#8221;default&#8221; grid_style=&#8221;content_under_image&#8221; content_under_image_text_align=&#8221;left&#8221; text_color=&#8221;dark&#8221; hover_effect=&#8221;zoom&#8221; border_radius=&#8221;none&#8221; display_type=&#8221;grid&#8221;][\/vc_column][\/vc_row][vc_row type=&#8221;in_container&#8221; full_screen_row_position=&#8221;middle&#8221; column_margin=&#8221;default&#8221; column_direction=&#8221;default&#8221; column_direction_tablet=&#8221;default&#8221; column_direction_phone=&#8221;default&#8221; scene_position=&#8221;center&#8221; text_color=&#8221;dark&#8221; text_align=&#8221;left&#8221; row_border_radius=&#8221;none&#8221; row_border_radius_applies=&#8221;bg&#8221; overflow=&#8221;visible&#8221; overlay_strength=&#8221;0.3&#8243; gradient_direction=&#8221;left_to_right&#8221; shape_divider_position=&#8221;bottom&#8221; bg_image_animation=&#8221;none&#8221; fullwidth=&#8221;true&#8221;][vc_column column_padding=&#8221;no-extra-padding&#8221; column_padding_tablet=&#8221;inherit&#8221; column_padding_phone=&#8221;inherit&#8221; column_padding_position=&#8221;all&#8221; column_element_direction_desktop=&#8221;default&#8221; column_element_spacing=&#8221;default&#8221; desktop_text_alignment=&#8221;default&#8221; tablet_text_alignment=&#8221;default&#8221; phone_text_alignment=&#8221;default&#8221; background_color_opacity=&#8221;1&#8243; background_hover_color_opacity=&#8221;1&#8243; column_backdrop_filter=&#8221;none&#8221; column_shadow=&#8221;none&#8221; column_border_radius=&#8221;none&#8221; column_link_target=&#8221;_self&#8221; column_position=&#8221;default&#8221; gradient_direction=&#8221;left_to_right&#8221; overlay_strength=&#8221;0.3&#8243; width=&#8221;1\/1&#8243; tablet_width_inherit=&#8221;default&#8221; animation_type=&#8221;default&#8221; bg_image_animation=&#8221;none&#8221; border_type=&#8221;simple&#8221; column_border_width=&#8221;none&#8221; column_border_style=&#8221;solid&#8221;][nectar_blog layout=&#8221;std-blog-sidebar&#8221; blog_standard_style=&#8221;featured_img_left&#8221; load_in_animation=&#8221;none&#8221; category=&#8221;news&#8221; enable_pagination=&#8221;true&#8221; pagination_type=&#8221;infinite_scroll&#8221; order=&#8221;DESC&#8221; orderby=&#8221;date&#8221; posts_per_page=&#8221;10&#8243;][\/vc_column][\/vc_row]\n","protected":false},"excerpt":{"rendered":"<p>[vc_row type=&#8221;in_container&#8221; full_screen_row_position=&#8221;middle&#8221; column_margin=&#8221;default&#8221; column_direction=&#8221;default&#8221; column_direction_tablet=&#8221;default&#8221; column_direction_phone=&#8221;default&#8221; scene_position=&#8221;center&#8221; top_padding=&#8221;6%&#8221; bottom_padding=&#8221;6%&#8221; text_color=&#8221;dark&#8221; text_align=&#8221;left&#8221; row_border_radius=&#8221;none&#8221; row_border_radius_applies=&#8221;bg&#8221; overflow=&#8221;visible&#8221; overlay_strength=&#8221;0.3&#8243; gradient_direction=&#8221;left_to_right&#8221; shape_divider_position=&#8221;bottom&#8221; bg_image_animation=&#8221;none&#8221; gradient_type=&#8221;default&#8221; shape_type=&#8221;&#8221;][vc_column column_padding=&#8221;no-extra-padding&#8221; column_padding_tablet=&#8221;inherit&#8221; column_padding_phone=&#8221;inherit&#8221; column_padding_position=&#8221;all&#8221; column_element_direction_desktop=&#8221;default&#8221; column_element_spacing=&#8221;default&#8221; desktop_text_alignment=&#8221;default&#8221; tablet_text_alignment=&#8221;default&#8221; phone_text_alignment=&#8221;default&#8221;&#8230;<\/p>\n","protected":false},"author":1,"featured_media":2629,"parent":0,"menu_order":0,"comment_status":"closed","ping_status":"closed","template":"","meta":{"footnotes":""},"class_list":["post-317","page","type-page","status-publish","has-post-thumbnail"],"yoast_head":"<!-- This site is optimized with the Yoast SEO plugin v26.7 - https:\/\/yoast.com\/wordpress\/plugins\/seo\/ -->\n<title>Not\u00edcias | Laura Rizzotto<\/title>\n<meta name=\"description\" content=\"Laura Rizzotto \u00e9 uma cantora e compositora brasileira\/letoniana com mais de 100 can\u00e7\u00f5es originais publicadas, a maioria com letras em ingl\u00eas.\" \/>\n<meta name=\"robots\" content=\"index, follow, max-snippet:-1, max-image-preview:large, max-video-preview:-1\" \/>\n<link rel=\"canonical\" href=\"https:\/\/laurarizzotto.com\/pt-br\/noticias\/\" \/>\n<meta property=\"og:locale\" content=\"pt_BR\" \/>\n<meta property=\"og:type\" content=\"article\" \/>\n<meta property=\"og:title\" content=\"Not\u00edcias | Laura Rizzotto\" \/>\n<meta property=\"og:description\" content=\"Laura Rizzotto \u00e9 uma cantora e compositora brasileira\/letoniana com mais de 100 can\u00e7\u00f5es originais publicadas, a maioria com letras em ingl\u00eas.\" \/>\n<meta property=\"og:url\" content=\"https:\/\/laurarizzotto.com\/pt-br\/noticias\/\" \/>\n<meta property=\"og:site_name\" content=\"Laura Rizzotto\" \/>\n<meta property=\"article:modified_time\" content=\"2024-05-08T18:40:31+00:00\" \/>\n<meta property=\"og:image\" content=\"https:\/\/laurarizzotto.com\/wp-content\/uploads\/2021\/01\/slide-4-laurarizzotto.jpg\" \/>\n\t<meta property=\"og:image:width\" content=\"1859\" \/>\n\t<meta property=\"og:image:height\" content=\"869\" \/>\n\t<meta property=\"og:image:type\" content=\"image\/jpeg\" \/>\n<meta name=\"twitter:card\" content=\"summary_large_image\" \/>\n<meta name=\"twitter:label1\" content=\"Est. tempo de leitura\" \/>\n\t<meta name=\"twitter:data1\" content=\"1 minuto\" \/>\n<script type=\"application\/ld+json\" class=\"yoast-schema-graph\">{\"@context\":\"https:\/\/schema.org\",\"@graph\":[{\"@type\":\"WebPage\",\"@id\":\"https:\/\/laurarizzotto.com\/pt-br\/noticias\/\",\"url\":\"https:\/\/laurarizzotto.com\/pt-br\/noticias\/\",\"name\":\"Not\u00edcias | Laura Rizzotto\",\"isPartOf\":{\"@id\":\"https:\/\/laurarizzotto.com\/#website\"},\"primaryImageOfPage\":{\"@id\":\"https:\/\/laurarizzotto.com\/pt-br\/noticias\/#primaryimage\"},\"image\":{\"@id\":\"https:\/\/laurarizzotto.com\/pt-br\/noticias\/#primaryimage\"},\"thumbnailUrl\":\"https:\/\/laurarizzotto.com\/wp-content\/uploads\/2021\/01\/slide-4-laurarizzotto.jpg\",\"datePublished\":\"2017-06-10T02:13:18+00:00\",\"dateModified\":\"2024-05-08T18:40:31+00:00\",\"description\":\"Laura Rizzotto \u00e9 uma cantora e compositora brasileira\/letoniana com mais de 100 can\u00e7\u00f5es originais publicadas, a maioria com letras em ingl\u00eas.\",\"breadcrumb\":{\"@id\":\"https:\/\/laurarizzotto.com\/pt-br\/noticias\/#breadcrumb\"},\"inLanguage\":\"pt-BR\",\"potentialAction\":[{\"@type\":\"ReadAction\",\"target\":[\"https:\/\/laurarizzotto.com\/pt-br\/noticias\/\"]}]},{\"@type\":\"ImageObject\",\"inLanguage\":\"pt-BR\",\"@id\":\"https:\/\/laurarizzotto.com\/pt-br\/noticias\/#primaryimage\",\"url\":\"https:\/\/laurarizzotto.com\/wp-content\/uploads\/2021\/01\/slide-4-laurarizzotto.jpg\",\"contentUrl\":\"https:\/\/laurarizzotto.com\/wp-content\/uploads\/2021\/01\/slide-4-laurarizzotto.jpg\",\"width\":1859,\"height\":869},{\"@type\":\"BreadcrumbList\",\"@id\":\"https:\/\/laurarizzotto.com\/pt-br\/noticias\/#breadcrumb\",\"itemListElement\":[{\"@type\":\"ListItem\",\"position\":1,\"name\":\"In\u00edcio\",\"item\":\"https:\/\/laurarizzotto.com\/pt-br\/\"},{\"@type\":\"ListItem\",\"position\":2,\"name\":\"Not\u00edcias\"}]},{\"@type\":\"WebSite\",\"@id\":\"https:\/\/laurarizzotto.com\/#website\",\"url\":\"https:\/\/laurarizzotto.com\/\",\"name\":\"Laura Rizzotto\",\"description\":\"LAURA RIZZOTTO\",\"publisher\":{\"@id\":\"https:\/\/laurarizzotto.com\/#\/schema\/person\/9fe9c9b05b3132c0720c116680a25aaf\"},\"potentialAction\":[{\"@type\":\"SearchAction\",\"target\":{\"@type\":\"EntryPoint\",\"urlTemplate\":\"https:\/\/laurarizzotto.com\/?s={search_term_string}\"},\"query-input\":{\"@type\":\"PropertyValueSpecification\",\"valueRequired\":true,\"valueName\":\"search_term_string\"}}],\"inLanguage\":\"pt-BR\"},{\"@type\":[\"Person\",\"Organization\"],\"@id\":\"https:\/\/laurarizzotto.com\/#\/schema\/person\/9fe9c9b05b3132c0720c116680a25aaf\",\"name\":\"Laura Rizzotto\",\"image\":{\"@type\":\"ImageObject\",\"inLanguage\":\"pt-BR\",\"@id\":\"https:\/\/laurarizzotto.com\/#\/schema\/person\/image\/\",\"url\":\"https:\/\/laurarizzotto.com\/wp-content\/uploads\/2021\/01\/laura-rizzotto-foto-bio.jpg\",\"contentUrl\":\"https:\/\/laurarizzotto.com\/wp-content\/uploads\/2021\/01\/laura-rizzotto-foto-bio.jpg\",\"width\":960,\"height\":850,\"caption\":\"Laura Rizzotto\"},\"logo\":{\"@id\":\"https:\/\/laurarizzotto.com\/#\/schema\/person\/image\/\"}}]}<\/script>\n<!-- \/ Yoast SEO plugin. -->","yoast_head_json":{"title":"Not\u00edcias | Laura Rizzotto","description":"Laura Rizzotto \u00e9 uma cantora e compositora brasileira\/letoniana com mais de 100 can\u00e7\u00f5es originais publicadas, a maioria com letras em ingl\u00eas.","robots":{"index":"index","follow":"follow","max-snippet":"max-snippet:-1","max-image-preview":"max-image-preview:large","max-video-preview":"max-video-preview:-1"},"canonical":"https:\/\/laurarizzotto.com\/pt-br\/noticias\/","og_locale":"pt_BR","og_type":"article","og_title":"Not\u00edcias | Laura Rizzotto","og_description":"Laura Rizzotto \u00e9 uma cantora e compositora brasileira\/letoniana com mais de 100 can\u00e7\u00f5es originais publicadas, a maioria com letras em ingl\u00eas.","og_url":"https:\/\/laurarizzotto.com\/pt-br\/noticias\/","og_site_name":"Laura Rizzotto","article_modified_time":"2024-05-08T18:40:31+00:00","og_image":[{"width":1859,"height":869,"url":"https:\/\/laurarizzotto.com\/wp-content\/uploads\/2021\/01\/slide-4-laurarizzotto.jpg","type":"image\/jpeg"}],"twitter_card":"summary_large_image","twitter_misc":{"Est. tempo de leitura":"1 minuto"},"schema":{"@context":"https:\/\/schema.org","@graph":[{"@type":"WebPage","@id":"https:\/\/laurarizzotto.com\/pt-br\/noticias\/","url":"https:\/\/laurarizzotto.com\/pt-br\/noticias\/","name":"Not\u00edcias | Laura Rizzotto","isPartOf":{"@id":"https:\/\/laurarizzotto.com\/#website"},"primaryImageOfPage":{"@id":"https:\/\/laurarizzotto.com\/pt-br\/noticias\/#primaryimage"},"image":{"@id":"https:\/\/laurarizzotto.com\/pt-br\/noticias\/#primaryimage"},"thumbnailUrl":"https:\/\/laurarizzotto.com\/wp-content\/uploads\/2021\/01\/slide-4-laurarizzotto.jpg","datePublished":"2017-06-10T02:13:18+00:00","dateModified":"2024-05-08T18:40:31+00:00","description":"Laura Rizzotto \u00e9 uma cantora e compositora brasileira\/letoniana com mais de 100 can\u00e7\u00f5es originais publicadas, a maioria com letras em ingl\u00eas.","breadcrumb":{"@id":"https:\/\/laurarizzotto.com\/pt-br\/noticias\/#breadcrumb"},"inLanguage":"pt-BR","potentialAction":[{"@type":"ReadAction","target":["https:\/\/laurarizzotto.com\/pt-br\/noticias\/"]}]},{"@type":"ImageObject","inLanguage":"pt-BR","@id":"https:\/\/laurarizzotto.com\/pt-br\/noticias\/#primaryimage","url":"https:\/\/laurarizzotto.com\/wp-content\/uploads\/2021\/01\/slide-4-laurarizzotto.jpg","contentUrl":"https:\/\/laurarizzotto.com\/wp-content\/uploads\/2021\/01\/slide-4-laurarizzotto.jpg","width":1859,"height":869},{"@type":"BreadcrumbList","@id":"https:\/\/laurarizzotto.com\/pt-br\/noticias\/#breadcrumb","itemListElement":[{"@type":"ListItem","position":1,"name":"In\u00edcio","item":"https:\/\/laurarizzotto.com\/pt-br\/"},{"@type":"ListItem","position":2,"name":"Not\u00edcias"}]},{"@type":"WebSite","@id":"https:\/\/laurarizzotto.com\/#website","url":"https:\/\/laurarizzotto.com\/","name":"Laura Rizzotto","description":"LAURA RIZZOTTO","publisher":{"@id":"https:\/\/laurarizzotto.com\/#\/schema\/person\/9fe9c9b05b3132c0720c116680a25aaf"},"potentialAction":[{"@type":"SearchAction","target":{"@type":"EntryPoint","urlTemplate":"https:\/\/laurarizzotto.com\/?s={search_term_string}"},"query-input":{"@type":"PropertyValueSpecification","valueRequired":true,"valueName":"search_term_string"}}],"inLanguage":"pt-BR"},{"@type":["Person","Organization"],"@id":"https:\/\/laurarizzotto.com\/#\/schema\/person\/9fe9c9b05b3132c0720c116680a25aaf","name":"Laura Rizzotto","image":{"@type":"ImageObject","inLanguage":"pt-BR","@id":"https:\/\/laurarizzotto.com\/#\/schema\/person\/image\/","url":"https:\/\/laurarizzotto.com\/wp-content\/uploads\/2021\/01\/laura-rizzotto-foto-bio.jpg","contentUrl":"https:\/\/laurarizzotto.com\/wp-content\/uploads\/2021\/01\/laura-rizzotto-foto-bio.jpg","width":960,"height":850,"caption":"Laura Rizzotto"},"logo":{"@id":"https:\/\/laurarizzotto.com\/#\/schema\/person\/image\/"}}]}},"_links":{"self":[{"href":"https:\/\/laurarizzotto.com\/pt-br\/wp-json\/wp\/v2\/pages\/317","targetHints":{"allow":["GET"]}}],"collection":[{"href":"https:\/\/laurarizzotto.com\/pt-br\/wp-json\/wp\/v2\/pages"}],"about":[{"href":"https:\/\/laurarizzotto.com\/pt-br\/wp-json\/wp\/v2\/types\/page"}],"author":[{"embeddable":true,"href":"https:\/\/laurarizzotto.com\/pt-br\/wp-json\/wp\/v2\/users\/1"}],"replies":[{"embeddable":true,"href":"https:\/\/laurarizzotto.com\/pt-br\/wp-json\/wp\/v2\/comments?post=317"}],"version-history":[{"count":3,"href":"https:\/\/laurarizzotto.com\/pt-br\/wp-json\/wp\/v2\/pages\/317\/revisions"}],"predecessor-version":[{"id":3721,"href":"https:\/\/laurarizzotto.com\/pt-br\/wp-json\/wp\/v2\/pages\/317\/revisions\/3721"}],"wp:featuredmedia":[{"embeddable":true,"href":"https:\/\/laurarizzotto.com\/pt-br\/wp-json\/wp\/v2\/media\/2629"}],"wp:attachment":[{"href":"https:\/\/laurarizzotto.com\/pt-br\/wp-json\/wp\/v2\/media?parent=317"}],"curies":[{"name":"wp","href":"https:\/\/api.w.org\/{rel}","templated":true}]}}