{"id":1317,"date":"2018-02-15T16:50:13","date_gmt":"2018-02-15T18:50:13","guid":{"rendered":"http:\/\/beta.laurarizzotto.com\/?page_id=1317"},"modified":"2024-05-25T11:25:23","modified_gmt":"2024-05-25T14:25:23","slug":"biografia","status":"publish","type":"page","link":"https:\/\/laurarizzotto.com\/pt-br\/biografia\/","title":{"rendered":"Bio"},"content":{"rendered":"[vc_row type=&#8221;in_container&#8221; full_screen_row_position=&#8221;middle&#8221; column_margin=&#8221;default&#8221; column_direction=&#8221;default&#8221; column_direction_tablet=&#8221;default&#8221; column_direction_phone=&#8221;default&#8221; scene_position=&#8221;center&#8221; text_color=&#8221;dark&#8221; text_align=&#8221;left&#8221; row_border_radius=&#8221;none&#8221; row_border_radius_applies=&#8221;bg&#8221; overflow=&#8221;visible&#8221; overlay_strength=&#8221;0.3&#8243; gradient_direction=&#8221;left_to_right&#8221; shape_divider_position=&#8221;bottom&#8221; bg_image_animation=&#8221;none&#8221; css=&#8221;.vc_custom_1609982625427{padding-bottom: 64px !important;}&#8221;][vc_column column_padding=&#8221;no-extra-padding&#8221; column_padding_tablet=&#8221;inherit&#8221; column_padding_phone=&#8221;inherit&#8221; column_padding_position=&#8221;all&#8221; column_element_direction_desktop=&#8221;default&#8221; column_element_spacing=&#8221;default&#8221; desktop_text_alignment=&#8221;default&#8221; tablet_text_alignment=&#8221;default&#8221; phone_text_alignment=&#8221;default&#8221; background_color_opacity=&#8221;1&#8243; background_hover_color_opacity=&#8221;1&#8243; column_backdrop_filter=&#8221;none&#8221; column_shadow=&#8221;none&#8221; column_border_radius=&#8221;none&#8221; column_link_target=&#8221;_self&#8221; column_position=&#8221;default&#8221; gradient_direction=&#8221;left_to_right&#8221; overlay_strength=&#8221;0.3&#8243; width=&#8221;1\/6&#8243; tablet_width_inherit=&#8221;default&#8221; animation_type=&#8221;default&#8221; bg_image_animation=&#8221;none&#8221; border_type=&#8221;simple&#8221; column_border_width=&#8221;none&#8221; column_border_style=&#8221;solid&#8221; visibility=&#8221;hidden-sm&#8221;][\/vc_column][vc_column column_padding=&#8221;no-extra-padding&#8221; column_padding_tablet=&#8221;inherit&#8221; column_padding_phone=&#8221;inherit&#8221; column_padding_position=&#8221;all&#8221; column_element_direction_desktop=&#8221;default&#8221; column_element_spacing=&#8221;default&#8221; desktop_text_alignment=&#8221;default&#8221; tablet_text_alignment=&#8221;default&#8221; phone_text_alignment=&#8221;default&#8221; background_color_opacity=&#8221;1&#8243; background_hover_color_opacity=&#8221;1&#8243; column_backdrop_filter=&#8221;none&#8221; column_shadow=&#8221;none&#8221; column_border_radius=&#8221;none&#8221; column_link_target=&#8221;_self&#8221; column_position=&#8221;default&#8221; gradient_direction=&#8221;left_to_right&#8221; overlay_strength=&#8221;0.3&#8243; width=&#8221;2\/3&#8243; tablet_width_inherit=&#8221;default&#8221; animation_type=&#8221;default&#8221; bg_image_animation=&#8221;none&#8221; border_type=&#8221;simple&#8221; column_border_width=&#8221;none&#8221; column_border_style=&#8221;solid&#8221;][vc_column_text css=&#8221;.vc_custom_1716647011390{margin-bottom: 0px !important;}&#8221; text_direction=&#8221;default&#8221;]\n<p style=\"text-align: justify;\"><b><img loading=\"lazy\" decoding=\"async\" class=\"alignleft wp-image-2674 size-medium\" src=\"https:\/\/laurarizzotto.com\/wp-content\/uploads\/2021\/01\/laura-rizzotto-foto-bio-300x266.jpg\" alt=\"\" width=\"300\" height=\"266\" srcset=\"https:\/\/laurarizzotto.com\/wp-content\/uploads\/2021\/01\/laura-rizzotto-foto-bio-300x266.jpg 300w, https:\/\/laurarizzotto.com\/wp-content\/uploads\/2021\/01\/laura-rizzotto-foto-bio-768x680.jpg 768w, https:\/\/laurarizzotto.com\/wp-content\/uploads\/2021\/01\/laura-rizzotto-foto-bio.jpg 960w\" sizes=\"auto, (max-width: 300px) 100vw, 300px\" \/><\/b><\/p>\n<p><strong>Laura Rizzotto<\/strong>\u00a0\u00e9 uma cantora e compositora brasileira\/letoniana com mais de 100 can\u00e7\u00f5es originais publicadas, a maioria com letras em ingl\u00eas. Multi-instrumentista, Laura recebeu as primeiras aulas de piano cl\u00e1ssico aos 9 anos de idade e aos 11, comp\u00f4s a sua primeira balada, \u201cReason Why\u201d, quando residia na cidade de Edina, em Minnesota, nos Estados Unidos. Aprendeu a tocar viol\u00e3o e ukulele sozinha e tem 7 anos de forma\u00e7\u00e3o como bailarina na Escola de Dan\u00e7as Maria Olenewa, \u00a0do Teatro Municipal do Rio de Janeiro.<\/p>\n<p>Carioca de Ipanema, Laura come\u00e7ou a se apresentar profissionalmente aos 15 anos, \u00a0cantando as pr\u00f3prias can\u00e7\u00f5es \u00a0na noite do Rio de Janeiro. Aos 16, assinou o primeiro contrato para grava\u00e7\u00e3o de CD autoral com a Universal Music do Brasil, ap\u00f3s um executivo da gravadora assistir o seu show na lend\u00e1ria \u00a0Modern Sound, \u00a0em Copacabana.<\/p>\n<p>O \u00e1lbum de estreia, \u201cMade in Rio\u201d, lan\u00e7ado no Brasil no final de 2011, foi elogiado pela cr\u00edtica especializada e amplamente noticiado na m\u00eddia nacional. \u201cMade in Rio\u201d foi produzido pelo brit\u00e2nico Paul Ralphes e contou com a participa\u00e7\u00e3o especial do maestro Eumir Deodato, que assinou a produ\u00e7\u00e3o da faixa \u201cWho You Are\u201d.\u00a0Laura promoveu \u201cMade in Rio\u201d em uma sequ\u00eancia de shows no Rio de Janeiro e em S\u00e3o Paulo.\u00a0O single \u201cFish Out Of Water\u201d entrou para a trilha sonora da novela Malha\u00e7\u00e3o, da Rede Globo, em 2012.<\/p>\n<p>Em abril de 2012, Laura abriu o principal show da cantora Demi Lovato no Credicard Hall de S\u00e3o Paulo, para 7 mil pessoas. Logo ap\u00f3s, recebeu bolsa de estudos para estudar na Berklee College of Music, em Boston. A \u00a0jovem compositora decidiu interromper a carreira promissora no Brasil \u00a0e se mudar para os EUA, para aperfei\u00e7oar-se tecnicamente e cursar bacharelado em M\u00fasica. Durante os estudos em Berklee, figurou permanentemente na Dean\u2019s list (lista dos melhores alunos da faculdade) e participou de v\u00e1rios programas de r\u00e1dio e TV, \u00a0em Massachusetts.<\/p>\n<p>Em Junho de 2013, Laura foi a artista convidada do 2013 International Pow Wow Expo, no Las Vegas Convention Center, onde se apresentou para uma plat\u00e9ia de 6.000 agentes de viagem dos Estados Unidos e 70 outros pa\u00edses.<\/p>\n<p>Laura se mudou para Los Angeles, California, para gravar o segundo \u00e1lbum autoral, \u201cReason To Stay\u201d, lan\u00e7ado em 16 de janeiro de 2014. O \u00e1lbum foi produzido em Los Angeles e T\u00f3quio pelo cipriota Nicolas Farmakalidis \u00a0e masterizado pelo engenheiro de som Brad Blackwood, vencedor de v\u00e1rios Grammys norte-americanos.<\/p>\n<p>O lan\u00e7amento\u00a0 de \u201cReason To Stay\u201d foi simult\u00e2neo ao do projeto\u201d Save The Music Tree\u201d, destinado a promover a educa\u00e7\u00e3o ambiental e o reflorestamento do Pau Brasil. Conhecido internacionalmente como \u201cthe Music Tree\u201d (\u00e1rvore da M\u00fasica),\u00a0 em raz\u00e3o de ser a mat\u00e9ria prima mais cobi\u00e7ada no mundo para a manufatura de arcos para instrumentos de corda, o Pau Brasil encontra-se amea\u00e7ado de extin\u00e7\u00e3o. Laura est\u00e1 envolvida com o reflorestamento da \u00e1rvore desde a inf\u00e2ncia e j\u00e1 participou de diversas campanhas que resultaram na dissemina\u00e7\u00e3o de mais de 100 mil mudas da esp\u00e9cie na costa brasileira.<\/p>\n<p>Bacharel em Artes pela California Institute of the Arts, \u00a0Laura se mudou para Nova Iorque para cursar mestrado em M\u00fasica, \u00a0na Columbia University. Em Novembro de 2015, lan\u00e7ou o single \u201cMiracle\u201d, um tributo as v\u00edtimas de acidentes de transito. A can\u00e7\u00e3o foi apresentada pela compositora ao vivo, \u00a0no Congresso Nacional brasileiro, em Bras\u00edlia, na Segunda Conferencia de Alto N\u00edvel Global sobre \u00a0Seguran\u00e7a no Transito das Na\u00e7\u00f5es Unidas. \u00a0O videoclipe de \u201cMiracle\u201d foi produzido pelo you tuber e videomaker \u00a0Andr\u00e9 Pilli, com quem j\u00e1 fez v\u00e1rias colabora\u00e7\u00f5es.<\/p>\n<p>Em abril de 2017, \u00a0foi moderadora \u00a0do painel de \u00a0Cultura e M\u00fasica da Brazil Conference, na Harvard University, \u00a0que contou com a participa\u00e7\u00e3o dos virtuosos Gilberto Gil e Yamandu Costa.<\/p>\n<p>Em 2016 e 2017, \u00a0Laura foi contratada pela Sony Music para trabalhar como vocal coach\u00a0 para a superstar Jennifer Lopez, em sua prepara\u00e7\u00e3o para colabora\u00e7\u00f5es com artistas brasileiros. Laura completou o seu mestrado em M\u00fasica na Columbia University, \u00a0em maio de 2017.<\/p>\n<p>Em Abril de 2018, a compositora escreveu e lan\u00e7ou sua primeira trilha sonora para uma experi\u00eancia de realidade virtual chamada &#8220;Where Thoughts Go&#8221;. O projeto recebeu v\u00e1rios pr\u00eamios e foi exposto em v\u00e1rios festivais nos EUA e na Europa, incluindo o Tribeca Film Festival em Nova Iorque, um dos festivais de filme de maior prest\u00edgio nos EUA.<\/p>\n<p>Na mesma \u00e9poca, Laura representou a Let\u00f4nia ano Riga Jazz Festival e compartilhou o palco com o virtuoso do jazz, Michael Pipoquinha. A cantora tamb\u00e9m j\u00e1 se apresentou na ONU, em NYC, onde cantou sua m\u00fasica autoral &#8220;Miracle&#8221;, uma homenagem \u00e0s v\u00edtimas de tr\u00e2nsito.<\/p>\n<p>Em 2018, Laura foi a vencedora do music reality show Supernova, uma competi\u00e7\u00e3o musical nacional na Let\u00f4nia para escolher quem representaria o pa\u00eds na Eurovis\u00e3o, o maior festival de m\u00fasica do mundo. Laura, como vencedora, viajou pela Europa divulgando sua m\u00fasica ganhadora, &#8220;Funny Girl&#8221;, e participou da Eurovis\u00e3o em Lisboa em Maio de 2018, cantando para uma arena de 20,000 pessoas e para uma audi\u00eancia de mais de 100 milh\u00f5es de espectadores.<\/p>\n<p>Logo depois, a carioca lan\u00e7ou seu primeiro EP, &#8220;RUBY&#8221;.\u00a0 Ap\u00f3s o lan\u00e7amento, Laura se mudou para Los Angeles, California, aonde atualmente mora, para trabalhar em novos projetos musicais e gravar seu terceiro album autoral.<\/p>\n<p>Em 2019, Laura fez hist\u00f3ria com seu novo single &#8220;One More Night&#8221;, que foi lan\u00e7ado\u00a0 com performance hologr\u00e1fica.\u00a0 Rizzotto foi convidada pela\u00a0<a href=\"https:\/\/metastage.com\/\">Metastage<\/a>, uma companhia de tecnologia na California, para ser a artista em destaque do lan\u00e7amento oficial de seu novo aplicativo de realidade aumentada. O aplicativo inclui performances hologr\u00e1ficas de duas m\u00fasicas autorais da artista: <a href=\"https:\/\/cdbaby.lnk.to\/OneMoreNight?fbclid=IwAR2NrZowHcqc2S4mO1YeJN6VvDBKAaYiNle8U5Sby9v1R-mQUfustUbpN48\">&#8220;One More Night&#8221;<\/a>, e\u00a0<a href=\"https:\/\/www.youtube.com\/watch?v=uBlZsGxeXk4\">&#8220;Funny Girl&#8221;<\/a>, a can\u00e7\u00e3o escolhida para representar a Let\u00f4nia em 2018 na\u00a0<a href=\"https:\/\/pt.wikipedia.org\/wiki\/Festival_Eurovis%C3%A3o_da_Can%C3%A7%C3%A3o\">Eurovis\u00e3o.<\/a> Laura e sua irm\u00e3, Carolina, que co-produziu o projeto, deixaram sua marca na hist\u00f3ria, tornando a carioca a primeira artista no mundo a lan\u00e7ar uma m\u00fasica nova com uma performance volum\u00e9trica.<\/p>\n<p>Em 2020, Laura Rizzotto se tornou membro votante da prestigiosa Recording Academy, conhecida pelos Grammy Awards. A artista agora poder\u00e1 votar para os Grammys, assim como indicar artistas para serem nomeados, submeter m\u00fasicas e artistas para serem considerados pela associa\u00e7\u00e3o e ter acesso a eventos privados da academia.<\/p>\n<p class=\"p1\">A artista no momento est\u00e1 trabalhando num projeto que mistura idiomas, e divide seu tempo entre o Brasil e os EUA para sua carreira.<\/p>\n[\/vc_column_text][\/vc_column][vc_column column_padding=&#8221;no-extra-padding&#8221; column_padding_tablet=&#8221;inherit&#8221; column_padding_phone=&#8221;inherit&#8221; column_padding_position=&#8221;all&#8221; column_element_direction_desktop=&#8221;default&#8221; column_element_spacing=&#8221;default&#8221; desktop_text_alignment=&#8221;default&#8221; tablet_text_alignment=&#8221;default&#8221; phone_text_alignment=&#8221;default&#8221; background_color_opacity=&#8221;1&#8243; background_hover_color_opacity=&#8221;1&#8243; column_backdrop_filter=&#8221;none&#8221; column_shadow=&#8221;none&#8221; column_border_radius=&#8221;none&#8221; column_link_target=&#8221;_self&#8221; column_position=&#8221;default&#8221; gradient_direction=&#8221;left_to_right&#8221; overlay_strength=&#8221;0.3&#8243; width=&#8221;1\/6&#8243; tablet_width_inherit=&#8221;default&#8221; animation_type=&#8221;default&#8221; bg_image_animation=&#8221;none&#8221; border_type=&#8221;simple&#8221; column_border_width=&#8221;none&#8221; column_border_style=&#8221;solid&#8221; visibility=&#8221;hidden-sm&#8221;][\/vc_column][\/vc_row]\n","protected":false},"excerpt":{"rendered":"<p>[vc_row type=&#8221;in_container&#8221; full_screen_row_position=&#8221;middle&#8221; column_margin=&#8221;default&#8221; column_direction=&#8221;default&#8221; column_direction_tablet=&#8221;default&#8221; column_direction_phone=&#8221;default&#8221; scene_position=&#8221;center&#8221; text_color=&#8221;dark&#8221; text_align=&#8221;left&#8221; row_border_radius=&#8221;none&#8221; row_border_radius_applies=&#8221;bg&#8221; overflow=&#8221;visible&#8221; overlay_strength=&#8221;0.3&#8243; gradient_direction=&#8221;left_to_right&#8221; shape_divider_position=&#8221;bottom&#8221; bg_image_animation=&#8221;none&#8221; css=&#8221;.vc_custom_1609982625427{padding-bottom: 64px !important;}&#8221;][vc_column column_padding=&#8221;no-extra-padding&#8221; column_padding_tablet=&#8221;inherit&#8221; column_padding_phone=&#8221;inherit&#8221; column_padding_position=&#8221;all&#8221; column_element_direction_desktop=&#8221;default&#8221; column_element_spacing=&#8221;default&#8221; desktop_text_alignment=&#8221;default&#8221; tablet_text_alignment=&#8221;default&#8221; phone_text_alignment=&#8221;default&#8221; background_color_opacity=&#8221;1&#8243;&#8230;<\/p>\n","protected":false},"author":1,"featured_media":2674,"parent":0,"menu_order":0,"comment_status":"closed","ping_status":"closed","template":"","meta":{"footnotes":""},"class_list":["post-1317","page","type-page","status-publish","has-post-thumbnail"],"yoast_head":"<!-- This site is optimized with the Yoast SEO plugin v26.7 - https:\/\/yoast.com\/wordpress\/plugins\/seo\/ -->\n<title>Biografia | Laura Rizzotto<\/title>\n<meta name=\"description\" content=\"Laura Rizzotto \u00e9 uma cantora e compositora brasileira\/letoniana com mais de 100 can\u00e7\u00f5es originais publicadas, a maioria com letras em ingl\u00eas.\" \/>\n<meta name=\"robots\" content=\"index, follow, max-snippet:-1, max-image-preview:large, max-video-preview:-1\" \/>\n<link rel=\"canonical\" href=\"https:\/\/laurarizzotto.com\/pt-br\/biografia\/\" \/>\n<meta property=\"og:locale\" content=\"pt_BR\" \/>\n<meta property=\"og:type\" content=\"article\" \/>\n<meta property=\"og:title\" content=\"Biografia | Laura Rizzotto\" \/>\n<meta property=\"og:description\" content=\"Laura Rizzotto \u00e9 uma cantora e compositora brasileira\/letoniana com mais de 100 can\u00e7\u00f5es originais publicadas, a maioria com letras em ingl\u00eas.\" \/>\n<meta property=\"og:url\" content=\"https:\/\/laurarizzotto.com\/pt-br\/biografia\/\" \/>\n<meta property=\"og:site_name\" content=\"Laura Rizzotto\" \/>\n<meta property=\"article:modified_time\" content=\"2024-05-25T14:25:23+00:00\" \/>\n<meta property=\"og:image\" content=\"https:\/\/laurarizzotto.com\/wp-content\/uploads\/2021\/01\/laura-rizzotto-foto-bio.jpg\" \/>\n\t<meta property=\"og:image:width\" content=\"960\" \/>\n\t<meta property=\"og:image:height\" content=\"850\" \/>\n\t<meta property=\"og:image:type\" content=\"image\/jpeg\" \/>\n<meta name=\"twitter:card\" content=\"summary_large_image\" \/>\n<meta name=\"twitter:label1\" content=\"Est. tempo de leitura\" \/>\n\t<meta name=\"twitter:data1\" content=\"5 minutos\" \/>\n<script type=\"application\/ld+json\" class=\"yoast-schema-graph\">{\"@context\":\"https:\/\/schema.org\",\"@graph\":[{\"@type\":\"WebPage\",\"@id\":\"https:\/\/laurarizzotto.com\/pt-br\/biografia\/\",\"url\":\"https:\/\/laurarizzotto.com\/pt-br\/biografia\/\",\"name\":\"Biografia | Laura Rizzotto\",\"isPartOf\":{\"@id\":\"https:\/\/laurarizzotto.com\/#website\"},\"primaryImageOfPage\":{\"@id\":\"https:\/\/laurarizzotto.com\/pt-br\/biografia\/#primaryimage\"},\"image\":{\"@id\":\"https:\/\/laurarizzotto.com\/pt-br\/biografia\/#primaryimage\"},\"thumbnailUrl\":\"https:\/\/laurarizzotto.com\/wp-content\/uploads\/2021\/01\/laura-rizzotto-foto-bio.jpg\",\"datePublished\":\"2018-02-15T18:50:13+00:00\",\"dateModified\":\"2024-05-25T14:25:23+00:00\",\"description\":\"Laura Rizzotto \u00e9 uma cantora e compositora brasileira\/letoniana com mais de 100 can\u00e7\u00f5es originais publicadas, a maioria com letras em ingl\u00eas.\",\"breadcrumb\":{\"@id\":\"https:\/\/laurarizzotto.com\/pt-br\/biografia\/#breadcrumb\"},\"inLanguage\":\"pt-BR\",\"potentialAction\":[{\"@type\":\"ReadAction\",\"target\":[\"https:\/\/laurarizzotto.com\/pt-br\/biografia\/\"]}]},{\"@type\":\"ImageObject\",\"inLanguage\":\"pt-BR\",\"@id\":\"https:\/\/laurarizzotto.com\/pt-br\/biografia\/#primaryimage\",\"url\":\"https:\/\/laurarizzotto.com\/wp-content\/uploads\/2021\/01\/laura-rizzotto-foto-bio.jpg\",\"contentUrl\":\"https:\/\/laurarizzotto.com\/wp-content\/uploads\/2021\/01\/laura-rizzotto-foto-bio.jpg\",\"width\":960,\"height\":850},{\"@type\":\"BreadcrumbList\",\"@id\":\"https:\/\/laurarizzotto.com\/pt-br\/biografia\/#breadcrumb\",\"itemListElement\":[{\"@type\":\"ListItem\",\"position\":1,\"name\":\"In\u00edcio\",\"item\":\"https:\/\/laurarizzotto.com\/pt-br\/\"},{\"@type\":\"ListItem\",\"position\":2,\"name\":\"Bio\"}]},{\"@type\":\"WebSite\",\"@id\":\"https:\/\/laurarizzotto.com\/#website\",\"url\":\"https:\/\/laurarizzotto.com\/\",\"name\":\"Laura Rizzotto\",\"description\":\"LAURA RIZZOTTO\",\"publisher\":{\"@id\":\"https:\/\/laurarizzotto.com\/#\/schema\/person\/9fe9c9b05b3132c0720c116680a25aaf\"},\"potentialAction\":[{\"@type\":\"SearchAction\",\"target\":{\"@type\":\"EntryPoint\",\"urlTemplate\":\"https:\/\/laurarizzotto.com\/?s={search_term_string}\"},\"query-input\":{\"@type\":\"PropertyValueSpecification\",\"valueRequired\":true,\"valueName\":\"search_term_string\"}}],\"inLanguage\":\"pt-BR\"},{\"@type\":[\"Person\",\"Organization\"],\"@id\":\"https:\/\/laurarizzotto.com\/#\/schema\/person\/9fe9c9b05b3132c0720c116680a25aaf\",\"name\":\"Laura Rizzotto\",\"image\":{\"@type\":\"ImageObject\",\"inLanguage\":\"pt-BR\",\"@id\":\"https:\/\/laurarizzotto.com\/#\/schema\/person\/image\/\",\"url\":\"https:\/\/laurarizzotto.com\/wp-content\/uploads\/2021\/01\/laura-rizzotto-foto-bio.jpg\",\"contentUrl\":\"https:\/\/laurarizzotto.com\/wp-content\/uploads\/2021\/01\/laura-rizzotto-foto-bio.jpg\",\"width\":960,\"height\":850,\"caption\":\"Laura Rizzotto\"},\"logo\":{\"@id\":\"https:\/\/laurarizzotto.com\/#\/schema\/person\/image\/\"}}]}<\/script>\n<!-- \/ Yoast SEO plugin. -->","yoast_head_json":{"title":"Biografia | Laura Rizzotto","description":"Laura Rizzotto \u00e9 uma cantora e compositora brasileira\/letoniana com mais de 100 can\u00e7\u00f5es originais publicadas, a maioria com letras em ingl\u00eas.","robots":{"index":"index","follow":"follow","max-snippet":"max-snippet:-1","max-image-preview":"max-image-preview:large","max-video-preview":"max-video-preview:-1"},"canonical":"https:\/\/laurarizzotto.com\/pt-br\/biografia\/","og_locale":"pt_BR","og_type":"article","og_title":"Biografia | Laura Rizzotto","og_description":"Laura Rizzotto \u00e9 uma cantora e compositora brasileira\/letoniana com mais de 100 can\u00e7\u00f5es originais publicadas, a maioria com letras em ingl\u00eas.","og_url":"https:\/\/laurarizzotto.com\/pt-br\/biografia\/","og_site_name":"Laura Rizzotto","article_modified_time":"2024-05-25T14:25:23+00:00","og_image":[{"width":960,"height":850,"url":"https:\/\/laurarizzotto.com\/wp-content\/uploads\/2021\/01\/laura-rizzotto-foto-bio.jpg","type":"image\/jpeg"}],"twitter_card":"summary_large_image","twitter_misc":{"Est. tempo de leitura":"5 minutos"},"schema":{"@context":"https:\/\/schema.org","@graph":[{"@type":"WebPage","@id":"https:\/\/laurarizzotto.com\/pt-br\/biografia\/","url":"https:\/\/laurarizzotto.com\/pt-br\/biografia\/","name":"Biografia | Laura Rizzotto","isPartOf":{"@id":"https:\/\/laurarizzotto.com\/#website"},"primaryImageOfPage":{"@id":"https:\/\/laurarizzotto.com\/pt-br\/biografia\/#primaryimage"},"image":{"@id":"https:\/\/laurarizzotto.com\/pt-br\/biografia\/#primaryimage"},"thumbnailUrl":"https:\/\/laurarizzotto.com\/wp-content\/uploads\/2021\/01\/laura-rizzotto-foto-bio.jpg","datePublished":"2018-02-15T18:50:13+00:00","dateModified":"2024-05-25T14:25:23+00:00","description":"Laura Rizzotto \u00e9 uma cantora e compositora brasileira\/letoniana com mais de 100 can\u00e7\u00f5es originais publicadas, a maioria com letras em ingl\u00eas.","breadcrumb":{"@id":"https:\/\/laurarizzotto.com\/pt-br\/biografia\/#breadcrumb"},"inLanguage":"pt-BR","potentialAction":[{"@type":"ReadAction","target":["https:\/\/laurarizzotto.com\/pt-br\/biografia\/"]}]},{"@type":"ImageObject","inLanguage":"pt-BR","@id":"https:\/\/laurarizzotto.com\/pt-br\/biografia\/#primaryimage","url":"https:\/\/laurarizzotto.com\/wp-content\/uploads\/2021\/01\/laura-rizzotto-foto-bio.jpg","contentUrl":"https:\/\/laurarizzotto.com\/wp-content\/uploads\/2021\/01\/laura-rizzotto-foto-bio.jpg","width":960,"height":850},{"@type":"BreadcrumbList","@id":"https:\/\/laurarizzotto.com\/pt-br\/biografia\/#breadcrumb","itemListElement":[{"@type":"ListItem","position":1,"name":"In\u00edcio","item":"https:\/\/laurarizzotto.com\/pt-br\/"},{"@type":"ListItem","position":2,"name":"Bio"}]},{"@type":"WebSite","@id":"https:\/\/laurarizzotto.com\/#website","url":"https:\/\/laurarizzotto.com\/","name":"Laura Rizzotto","description":"LAURA RIZZOTTO","publisher":{"@id":"https:\/\/laurarizzotto.com\/#\/schema\/person\/9fe9c9b05b3132c0720c116680a25aaf"},"potentialAction":[{"@type":"SearchAction","target":{"@type":"EntryPoint","urlTemplate":"https:\/\/laurarizzotto.com\/?s={search_term_string}"},"query-input":{"@type":"PropertyValueSpecification","valueRequired":true,"valueName":"search_term_string"}}],"inLanguage":"pt-BR"},{"@type":["Person","Organization"],"@id":"https:\/\/laurarizzotto.com\/#\/schema\/person\/9fe9c9b05b3132c0720c116680a25aaf","name":"Laura Rizzotto","image":{"@type":"ImageObject","inLanguage":"pt-BR","@id":"https:\/\/laurarizzotto.com\/#\/schema\/person\/image\/","url":"https:\/\/laurarizzotto.com\/wp-content\/uploads\/2021\/01\/laura-rizzotto-foto-bio.jpg","contentUrl":"https:\/\/laurarizzotto.com\/wp-content\/uploads\/2021\/01\/laura-rizzotto-foto-bio.jpg","width":960,"height":850,"caption":"Laura Rizzotto"},"logo":{"@id":"https:\/\/laurarizzotto.com\/#\/schema\/person\/image\/"}}]}},"_links":{"self":[{"href":"https:\/\/laurarizzotto.com\/pt-br\/wp-json\/wp\/v2\/pages\/1317","targetHints":{"allow":["GET"]}}],"collection":[{"href":"https:\/\/laurarizzotto.com\/pt-br\/wp-json\/wp\/v2\/pages"}],"about":[{"href":"https:\/\/laurarizzotto.com\/pt-br\/wp-json\/wp\/v2\/types\/page"}],"author":[{"embeddable":true,"href":"https:\/\/laurarizzotto.com\/pt-br\/wp-json\/wp\/v2\/users\/1"}],"replies":[{"embeddable":true,"href":"https:\/\/laurarizzotto.com\/pt-br\/wp-json\/wp\/v2\/comments?post=1317"}],"version-history":[{"count":2,"href":"https:\/\/laurarizzotto.com\/pt-br\/wp-json\/wp\/v2\/pages\/1317\/revisions"}],"predecessor-version":[{"id":3837,"href":"https:\/\/laurarizzotto.com\/pt-br\/wp-json\/wp\/v2\/pages\/1317\/revisions\/3837"}],"wp:featuredmedia":[{"embeddable":true,"href":"https:\/\/laurarizzotto.com\/pt-br\/wp-json\/wp\/v2\/media\/2674"}],"wp:attachment":[{"href":"https:\/\/laurarizzotto.com\/pt-br\/wp-json\/wp\/v2\/media?parent=1317"}],"curies":[{"name":"wp","href":"https:\/\/api.w.org\/{rel}","templated":true}]}}